{"id":1035,"date":"2021-03-19T21:17:17","date_gmt":"2021-03-19T20:17:17","guid":{"rendered":"https:\/\/366.photos\/?page_id=1035"},"modified":"2023-01-11T09:50:14","modified_gmt":"2023-01-11T08:50:14","slug":"1035-2","status":"publish","type":"page","link":"https:\/\/www.366.photos\/?page_id=1035","title":{"rendered":"what it is"},"content":{"rendered":"\n<p class=\"has-black-color has-text-color\">Es startete mit 366 Postkarten &#8211; eine zu jedem Tag meines 50.Lebensjahres. Am Geburstagsfest konnten die G\u00e4ste ein Datum w\u00e4hlen und ich schicke jeweils die entsprechende Karte auf den Tag genau ein Jahr sp\u00e4ter.<br> Die Fortsetzung ist online mit diesem Blog umgesetzt. Jeden Tag erscheint ein neues Bild. Es sind zuf\u00e4llige Fotos, zuf\u00e4llig entstanden wo immer ich an dem Tag gerade war.<br>Alles ist pers\u00f6nlich mit meinem Handy fotografiert, ausser ein paar Farb- und Belichtungskorrekturen gibt es kein editing. <\/p>\n\n\n\n<p style=\"line-height:1.5\"><strong>Christoph Plattner<\/strong><\/p>\n\n\n\n<p style=\"line-height:0\">Architekt, Photograph<\/p>\n\n\n\n<p><a href=\"https:\/\/plattnerbauten.ch\/\" target=\"_blank\" rel=\"noreferrer noopener\">plattnerbauten.ch<\/a><\/p>\n\n\n\n<p><a href=\"mailto:mail@plattnerbauten.ch\">kontakt<\/a><\/p>\n","protected":false},"excerpt":{"rendered":"<p>Es startete mit 366 Postkarten &#8211; eine zu jedem Tag meines 50.Lebensjahres. Am Geburstagsfest konnten die G\u00e4ste ein Datum w\u00e4hlen und ich schicke jeweils die entsprechende Karte auf den Tag genau ein Jahr sp\u00e4ter. Die Fortsetzung ist online mit diesem Blog umgesetzt. Jeden Tag erscheint ein neues Bild. Es sind zuf\u00e4llige Fotos, zuf\u00e4llig entstanden wo&hellip; <a class=\"more-link\" href=\"https:\/\/www.366.photos\/?page_id=1035\">Continue reading <span class=\"screen-reader-text\">what it is<\/span><\/a><\/p>\n","protected":false},"author":1,"featured_media":0,"parent":0,"menu_order":0,"comment_status":"closed","ping_status":"closed","template":"","meta":{"inline_featured_image":false,"footnotes":""},"class_list":["post-1035","page","type-page","status-publish","hentry","entry"],"_links":{"self":[{"href":"https:\/\/www.366.photos\/index.php?rest_route=\/wp\/v2\/pages\/1035","targetHints":{"allow":["GET"]}}],"collection":[{"href":"https:\/\/www.366.photos\/index.php?rest_route=\/wp\/v2\/pages"}],"about":[{"href":"https:\/\/www.366.photos\/index.php?rest_route=\/wp\/v2\/types\/page"}],"author":[{"embeddable":true,"href":"https:\/\/www.366.photos\/index.php?rest_route=\/wp\/v2\/users\/1"}],"replies":[{"embeddable":true,"href":"https:\/\/www.366.photos\/index.php?rest_route=%2Fwp%2Fv2%2Fcomments&post=1035"}],"version-history":[{"count":18,"href":"https:\/\/www.366.photos\/index.php?rest_route=\/wp\/v2\/pages\/1035\/revisions"}],"predecessor-version":[{"id":4538,"href":"https:\/\/www.366.photos\/index.php?rest_route=\/wp\/v2\/pages\/1035\/revisions\/4538"}],"wp:attachment":[{"href":"https:\/\/www.366.photos\/index.php?rest_route=%2Fwp%2Fv2%2Fmedia&parent=1035"}],"curies":[{"name":"wp","href":"https:\/\/api.w.org\/{rel}","templated":true}]}}